{"id":61,"date":"2020-01-23T18:21:52","date_gmt":"2020-01-23T18:21:52","guid":{"rendered":"https:\/\/demosites.io\/web-agency-gb\/?page_id=61"},"modified":"2022-04-26T11:18:30","modified_gmt":"2022-04-26T11:18:30","slug":"qui-som","status":"publish","type":"page","link":"https:\/\/confederaciopenyesvo.cat\/?page_id=61","title":{"rendered":"QUI SOM"},"content":{"rendered":"\n<div class=\"wp-block-cover alignfull\" style=\"min-height:600px;aspect-ratio:unset;\"><span aria-hidden=\"true\" class=\"has-nv-light-bg-background-color has-background-dim-100 wp-block-cover__gradient-background has-background-dim\"><\/span><div class=\"wp-block-cover__inner-container is-layout-flow wp-block-cover-is-layout-flow\">\n<div class=\"wp-block-group\"><div class=\"wp-block-group__inner-container is-layout-flow wp-block-group-is-layout-flow\">\n<div style=\"height:80px\" aria-hidden=\"true\" class=\"wp-block-spacer\"><\/div>\n\n\n\n<div class=\"wp-block-columns are-vertically-aligned-center is-layout-flex wp-container-core-columns-is-layout-9d6595d7 wp-block-columns-is-layout-flex\">\n<div class=\"wp-block-column is-vertically-aligned-center is-layout-flow wp-block-column-is-layout-flow\" style=\"flex-basis:50%\">\n<figure class=\"wp-block-image size-large\"><img loading=\"lazy\" decoding=\"async\" width=\"530\" height=\"529\" src=\"https:\/\/confederaciopenyesvo.cat\/wp-content\/uploads\/2022\/04\/congres-mundial-penyes-edited.jpeg\" alt=\"\" class=\"wp-image-433\" srcset=\"https:\/\/confederaciopenyesvo.cat\/wp-content\/uploads\/2022\/04\/congres-mundial-penyes-edited.jpeg 530w, https:\/\/confederaciopenyesvo.cat\/wp-content\/uploads\/2022\/04\/congres-mundial-penyes-edited-300x300.jpeg 300w, https:\/\/confederaciopenyesvo.cat\/wp-content\/uploads\/2022\/04\/congres-mundial-penyes-edited-150x150.jpeg 150w\" sizes=\"auto, (max-width: 530px) 100vw, 530px\" \/><\/figure>\n<\/div>\n\n\n\n<div class=\"wp-block-column is-vertically-aligned-center is-layout-flow wp-block-column-is-layout-flow\" style=\"flex-basis:50%\">\n<h2 class=\"has-neve-text-color-color has-text-color wp-block-heading\">Organitzaci\u00f3<\/h2>\n\n\n\n<p id=\"tw-target-text\">La nostra organitzaci\u00f3 \u00e9s territorial. Les m\u00e9s de 1.265 penyes i 170.000 penyistes que conformen el moviment peny\u00edstic arreu del m\u00f3n s&#8217;agrupen a 30 Federacions territorials que els proporcionen suport i assessorament en tots els aspectes tocants a l&#8217;organitzaci\u00f3 dels actes i accions que impulsen. Concretament, la penya \u00e9s un punt d\u00b4acollida on con\u00e8ixer i seguir l\u00b4estil de joc i els valors que transmet el FC Barcelona. D&#8217;altra banda, \u00e9s un focus d&#8217;informaci\u00f3 alhora que \u00e9s propulsor de l&#8217;activitat cultural que es realitza al seu territori. <\/p>\n\n\n\n<p id=\"tw-target-text\">Cadascuna de les Federacions de la Confederaci\u00f3 Mundial de Penyes compta, com a m\u00ednim, amb un representant al Consell de Penyes que sol coincidir amb el president de l&#8217;organisme territorial. El Consell de Penyes \u00e9s el nostre m\u00e0xim \u00f2rgan de decisi\u00f3 entre congressos. Conforma la junta directiva de la Confederaci\u00f3 Mundial de Penyes i compta tamb\u00e9 amb un Comit\u00e8 Executiu que porta a terme els acords presos al plenari del Consell de Penyes i al Congr\u00e9s Mundial de Penyes. Els membres del Comit\u00e8 Executiu s\u00f3n elegits democr\u00e0ticament entre els membres del mateix Consell de Penyes.<\/p>\n<\/div>\n<\/div>\n\n\n\n<div style=\"height:40px\" aria-hidden=\"true\" class=\"wp-block-spacer\"><\/div>\n<\/div><\/div>\n<\/div><\/div>\n\n\n\n<div class=\"wp-block-cover alignfull\" style=\"min-height:600px;aspect-ratio:unset;\"><span aria-hidden=\"true\" class=\"has-nv-dark-bg-background-color has-background-dim-100 wp-block-cover__gradient-background has-background-dim\"><\/span><div class=\"wp-block-cover__inner-container is-layout-flow wp-block-cover-is-layout-flow\">\n<div class=\"wp-block-group\"><div class=\"wp-block-group__inner-container is-layout-flow wp-block-group-is-layout-flow\">\n<div style=\"height:80px\" aria-hidden=\"true\" class=\"wp-block-spacer\"><\/div>\n<\/div><\/div>\n\n\n\n<h2 class=\"wp-block-heading\">La Junta directiva<\/h2>\n\n\n\n<div style=\"height:100px\" aria-hidden=\"true\" class=\"wp-block-spacer\"><\/div>\n\n\n\n<div class=\"wp-block-columns is-layout-flex wp-container-core-columns-is-layout-9d6595d7 wp-block-columns-is-layout-flex\">\n<div class=\"wp-block-column is-layout-flow wp-block-column-is-layout-flow\">\n<h4 class=\"has-text-align-center wp-block-heading\">President<\/h4>\n\n\n\n<p class=\"has-text-align-center\">Antoni Guil Rom\u00e1n<\/p>\n<\/div>\n\n\n\n<div class=\"wp-block-column is-layout-flow wp-block-column-is-layout-flow\">\n<h4 class=\"has-text-align-center wp-block-heading\">Vicepresident<\/h4>\n\n\n\n<p class=\"has-text-align-center\">Joan Gim\u00e9nez Gabarra<\/p>\n<\/div>\n\n\n\n<div class=\"wp-block-column is-layout-flow wp-block-column-is-layout-flow\">\n<h4 class=\"has-text-align-center wp-block-heading\">Secretari<\/h4>\n\n\n\n<p class=\"has-text-align-center\">Joan del Amor Corominas<\/p>\n<\/div>\n<\/div>\n\n\n\n<div style=\"height:100px\" aria-hidden=\"true\" class=\"wp-block-spacer\"><\/div>\n\n\n\n<div class=\"wp-block-columns is-layout-flex wp-container-core-columns-is-layout-9d6595d7 wp-block-columns-is-layout-flex\">\n<div class=\"wp-block-column is-layout-flow wp-block-column-is-layout-flow\">\n<h4 class=\"has-text-align-center wp-block-heading\">Tresorer<\/h4>\n\n\n\n<p class=\"has-text-align-center\">Ferran Martinez L\u00f3pez<\/p>\n<\/div>\n\n\n\n<div class=\"wp-block-column is-layout-flow wp-block-column-is-layout-flow\">\n<h4 class=\"has-text-align-center wp-block-heading\">Vocal<\/h4>\n\n\n\n<p class=\"has-text-align-center\">Xavier Betr\u00e1n S\u00e1nchez<\/p>\n<\/div>\n\n\n\n<div class=\"wp-block-column is-layout-flow wp-block-column-is-layout-flow\">\n<h4 class=\"has-text-align-center wp-block-heading\">Vocal<\/h4>\n\n\n\n<p class=\"has-text-align-center\">Josep Estasio Bogu\u00f1\u00e0<\/p>\n<\/div>\n<\/div>\n\n\n\n<div style=\"height:100px\" aria-hidden=\"true\" class=\"wp-block-spacer\"><\/div>\n\n\n\n<div class=\"wp-block-columns is-layout-flex wp-container-core-columns-is-layout-9d6595d7 wp-block-columns-is-layout-flex\">\n<div class=\"wp-block-column is-layout-flow wp-block-column-is-layout-flow\">\n<h4 class=\"has-text-align-center wp-block-heading\">Vocal<\/h4>\n\n\n\n<p class=\"has-text-align-center\">Antonio Fernandez Salas<\/p>\n<\/div>\n\n\n\n<div class=\"wp-block-column is-layout-flow wp-block-column-is-layout-flow\">\n<h4 class=\"has-text-align-center wp-block-heading\">Vocal<\/h4>\n\n\n\n<p class=\"has-text-align-center\">Jos\u00e9 Mar\u00eda F\u00e9lez Torregrosa<\/p>\n<\/div>\n\n\n\n<div class=\"wp-block-column is-layout-flow wp-block-column-is-layout-flow\">\n<h4 class=\"has-text-align-center wp-block-heading\">Vocal<\/h4>\n\n\n\n<p class=\"has-text-align-center\">Josep A. Guti\u00e9rrez Godoy<\/p>\n<\/div>\n<\/div>\n\n\n\n<div style=\"height:100px\" aria-hidden=\"true\" class=\"wp-block-spacer\"><\/div>\n\n\n\n<div class=\"wp-block-columns is-layout-flex wp-container-core-columns-is-layout-9d6595d7 wp-block-columns-is-layout-flex\">\n<div class=\"wp-block-column is-layout-flow wp-block-column-is-layout-flow\">\n<h4 class=\"has-text-align-center wp-block-heading\">Vocal<\/h4>\n\n\n\n<p class=\"has-text-align-center\">Oscar Otero Montoya<\/p>\n<\/div>\n\n\n\n<div class=\"wp-block-column is-layout-flow wp-block-column-is-layout-flow\">\n<h4 class=\"has-text-align-center wp-block-heading\">Vocal<\/h4>\n\n\n\n<p class=\"has-text-align-center\">Eduard Roca Ansuategui<\/p>\n<\/div>\n\n\n\n<div class=\"wp-block-column is-layout-flow wp-block-column-is-layout-flow\"><\/div>\n<\/div>\n<\/div><\/div>\n","protected":false},"excerpt":{"rendered":"","protected":false},"author":1,"featured_media":0,"parent":0,"menu_order":0,"comment_status":"closed","ping_status":"closed","template":"","meta":{"neve_meta_sidebar":"default","neve_meta_container":"default","neve_meta_enable_content_width":"on","neve_meta_content_width":100,"neve_meta_title_alignment":"","neve_meta_author_avatar":"","neve_post_elements_order":"","neve_meta_disable_header":"","neve_meta_disable_footer":"","neve_meta_disable_title":"on","_themeisle_gutenberg_block_has_review":false,"_ti_tpc_template_sync":false,"_ti_tpc_template_id":"0qhau2t6eoekosrgo1a2","footnotes":""},"class_list":["post-61","page","type-page","status-publish","hentry"],"_links":{"self":[{"href":"https:\/\/confederaciopenyesvo.cat\/index.php?rest_route=\/wp\/v2\/pages\/61","targetHints":{"allow":["GET"]}}],"collection":[{"href":"https:\/\/confederaciopenyesvo.cat\/index.php?rest_route=\/wp\/v2\/pages"}],"about":[{"href":"https:\/\/confederaciopenyesvo.cat\/index.php?rest_route=\/wp\/v2\/types\/page"}],"author":[{"embeddable":true,"href":"https:\/\/confederaciopenyesvo.cat\/index.php?rest_route=\/wp\/v2\/users\/1"}],"replies":[{"embeddable":true,"href":"https:\/\/confederaciopenyesvo.cat\/index.php?rest_route=%2Fwp%2Fv2%2Fcomments&post=61"}],"version-history":[{"count":5,"href":"https:\/\/confederaciopenyesvo.cat\/index.php?rest_route=\/wp\/v2\/pages\/61\/revisions"}],"predecessor-version":[{"id":434,"href":"https:\/\/confederaciopenyesvo.cat\/index.php?rest_route=\/wp\/v2\/pages\/61\/revisions\/434"}],"wp:attachment":[{"href":"https:\/\/confederaciopenyesvo.cat\/index.php?rest_route=%2Fwp%2Fv2%2Fmedia&parent=61"}],"curies":[{"name":"wp","href":"https:\/\/api.w.org\/{rel}","templated":true}]}}