{"id":5,"date":"2020-01-13T11:17:52","date_gmt":"2020-01-13T11:17:52","guid":{"rendered":"https:\/\/demosites.io\/web-agency-gb\/?page_id=5"},"modified":"2022-04-26T10:54:44","modified_gmt":"2022-04-26T10:54:44","slug":"home","status":"publish","type":"page","link":"https:\/\/confederaciopenyesvo.cat\/","title":{"rendered":"HOME"},"content":{"rendered":"\n<div class=\"wp-block-cover alignfull\" style=\"min-height:700px;aspect-ratio:unset;\"><span aria-hidden=\"true\" class=\"has-background-dim-0 wp-block-cover__gradient-background has-background-dim\"><\/span><img loading=\"lazy\" decoding=\"async\" width=\"1280\" height=\"447\" class=\"wp-block-cover__image-background wp-image-363\" alt=\"\" src=\"https:\/\/confederaciopenyesvo.cat\/wp-content\/uploads\/2022\/04\/slide-camp-nou.jpg\" style=\"object-position:50% 48%\" data-object-fit=\"cover\" data-object-position=\"50% 48%\" srcset=\"https:\/\/confederaciopenyesvo.cat\/wp-content\/uploads\/2022\/04\/slide-camp-nou.jpg 1280w, https:\/\/confederaciopenyesvo.cat\/wp-content\/uploads\/2022\/04\/slide-camp-nou-300x105.jpg 300w, https:\/\/confederaciopenyesvo.cat\/wp-content\/uploads\/2022\/04\/slide-camp-nou-1024x358.jpg 1024w, https:\/\/confederaciopenyesvo.cat\/wp-content\/uploads\/2022\/04\/slide-camp-nou-768x268.jpg 768w\" sizes=\"auto, (max-width: 1280px) 100vw, 1280px\" \/><div class=\"wp-block-cover__inner-container is-layout-flow wp-block-cover-is-layout-flow\">\n<div class=\"wp-block-buttons is-horizontal is-content-justification-center is-layout-flex wp-container-core-buttons-is-layout-499968f5 wp-block-buttons-is-layout-flex\"><\/div>\n\n\n\n<div style=\"height:80px\" aria-hidden=\"true\" class=\"wp-block-spacer\"><\/div>\n\n\n\n<div style=\"height:80px\" aria-hidden=\"true\" class=\"wp-block-spacer\"><\/div>\n\n\n\n<div style=\"height:80px\" aria-hidden=\"true\" class=\"wp-block-spacer\"><\/div>\n<\/div><\/div>\n\n\n\n<div style=\"height:80px\" aria-hidden=\"true\" class=\"wp-block-spacer\"><\/div>\n\n\n\n<h3 class=\"has-text-align-center wp-block-heading\"><strong>LA NOSTRA MISSI\u00d3<\/strong><\/h3>\n\n\n\n<p class=\"has-text-align-center\" style=\"font-size:16px\">Aglutinar i impulsar el moviment peny\u00edstic del FC Barcelona i oferir una s\u00e8rie d\u2019espais Bar\u00e7a arreu del m\u00f3n per al foment i la dinamitzaci\u00f3 social i esportiva dels pobles i ciutats on les penyes hi tenen pres\u00e8ncia.<\/p>\n\n\n\n<div style=\"height:80px\" aria-hidden=\"true\" class=\"wp-block-spacer\"><\/div>\n\n\n\n<h3 class=\"has-text-align-center wp-block-heading\"><strong>VALORS<\/strong><\/h3>\n\n\n\n<p class=\"has-text-align-center\" style=\"font-size:16px\">Respecte, esfor\u00e7, ambici\u00f3, treball en equip i humilitat s\u00f3n els valors compartits amb el FC Barcelona que impulsen la nostra activitat. A m\u00e9s, les accions de la penya transcendeixen i impulsen la vida cultural i associativa del seu voltant.<\/p>\n\n\n\n<div style=\"height:80px\" aria-hidden=\"true\" class=\"wp-block-spacer\"><\/div>\n\n\n\n<div class=\"wp-block-cover alignfull is-light\" style=\"min-height:700px;aspect-ratio:unset;\"><span aria-hidden=\"true\" class=\"has-background-dim-0 wp-block-cover__gradient-background has-background-dim\"><\/span><img loading=\"lazy\" decoding=\"async\" width=\"1707\" height=\"2560\" class=\"wp-block-cover__image-background wp-image-369\" alt=\"\" src=\"https:\/\/confederaciopenyesvo.cat\/wp-content\/uploads\/2022\/04\/pexels-el-gringo-photo-10184002-1-scaled.jpg\" style=\"object-position:50% 64%\" data-object-fit=\"cover\" data-object-position=\"50% 64%\" srcset=\"https:\/\/confederaciopenyesvo.cat\/wp-content\/uploads\/2022\/04\/pexels-el-gringo-photo-10184002-1-scaled.jpg 1707w, https:\/\/confederaciopenyesvo.cat\/wp-content\/uploads\/2022\/04\/pexels-el-gringo-photo-10184002-1-200x300.jpg 200w, https:\/\/confederaciopenyesvo.cat\/wp-content\/uploads\/2022\/04\/pexels-el-gringo-photo-10184002-1-683x1024.jpg 683w, https:\/\/confederaciopenyesvo.cat\/wp-content\/uploads\/2022\/04\/pexels-el-gringo-photo-10184002-1-768x1152.jpg 768w, https:\/\/confederaciopenyesvo.cat\/wp-content\/uploads\/2022\/04\/pexels-el-gringo-photo-10184002-1-1024x1536.jpg 1024w\" sizes=\"auto, (max-width: 1707px) 100vw, 1707px\" \/><div class=\"wp-block-cover__inner-container is-layout-flow wp-block-cover-is-layout-flow\">\n<div class=\"wp-block-buttons is-horizontal is-content-justification-center is-layout-flex wp-container-core-buttons-is-layout-499968f5 wp-block-buttons-is-layout-flex\"><\/div>\n\n\n\n<div style=\"height:80px\" aria-hidden=\"true\" class=\"wp-block-spacer\"><\/div>\n\n\n\n<div style=\"height:80px\" aria-hidden=\"true\" class=\"wp-block-spacer\"><\/div>\n\n\n\n<div style=\"height:80px\" aria-hidden=\"true\" class=\"wp-block-spacer\"><\/div>\n<\/div><\/div>\n\n\n\n<div style=\"height:80px\" aria-hidden=\"true\" class=\"wp-block-spacer\"><\/div>\n\n\n\n<h2 class=\"has-text-align-center wp-block-heading\"><strong>ELS ORIGENS<\/strong><\/h2>\n\n\n\n<p class=\"has-text-align-center\">L\u2019origen del moviment de penyes del FC Barcelona es remunta al juliol de 1919 quan es va fer la primera menci\u00f3 de la \u201cPenya Barcelonista\u201d en un document oficial del FC Barcelona. En concret, se li cedia a la penya el camp de futbol del carrer Ind\u00fastria per a organitzar un ball per als jugadors i socis blaugranes. La segona fita hist\u00f2rica del nostre moviment es troba l\u2019any 1944 amb l\u2019oficialitzaci\u00f3 de la Pe\u00f1a Solera, considerada com la primera penya blaugrana contempor\u00e0nia, \u00e9s a dir, organitzada tal com les coneixem actualment.<\/p>\n\n\n\n<p class=\"has-text-align-center\">Despr\u00e9s de viure una etapa de creixement org\u00e0nic durant els anys 80, el moviment peny\u00edstic va experimentar la seva expansi\u00f3 m\u00e9s gran arran del despla\u00e7ament massiu i sense precedents de penyes i penyistes amb motiu de la copa d\u2019Europa a Wembley l\u2019any 1992. Abans de la conquesta d\u2019aquest trofeu el col\u00b7lectiu estava conformat per 590 penyes. Quatre anys despr\u00e9s, el nombre ja superava el miler.<\/p>\n\n\n\n<p class=\"has-text-align-center\">Des d\u2019aleshores, el creixement del moviment ha estat fonamentalment qualitatiu. La feina realitzada des de l\u2019any 2010 s\u2019ha tradu\u00eft en la professionalitzaci\u00f3 de les penyes a trav\u00e9s de fites tan rellevants com l\u2019obertura de l\u2019Oficina d\u2019Atenci\u00f3 a les Penyes, al mateix 2010; la recuperaci\u00f3 del Congr\u00e9s Mundial de Penyes durant el Trofeu Gamper, l\u2019any 2011; la creaci\u00f3 del Cens dels Penyistes, al 2012; l\u2019establiment de la Jornada de Treball i de la Institucional al Congr\u00e9s de Penyes, tamb\u00e9 al 2012; i el reconeixement dels estatuts a les Penyes i les seves Federacions territorials, al 2013.<\/p>\n\n\n\n<p class=\"has-text-align-center\">La nostra evoluci\u00f3 continua desenvolupant-se durant l\u2019any 2014 amb dues accions destacades. D\u2019una banda, l\u2019edici\u00f3 del primer Carnet de Penyista, que permet als membres del moviment acreditar-se. I, de l\u2019altra, el nomenament com a compromissaris a l\u2019Assemblea del Club dels 30 presidents de Federacions Territorials.<\/p>\n\n\n\n<p class=\"has-text-align-center\">Tota aquesta feina es cristal\u00b7litza l\u2019any 2015 amb la creaci\u00f3 de la Confederaci\u00f3 Mundial de Penyes i la signatura d\u2019un conveni de col\u00b7laboraci\u00f3 amb el FC Barcelona. Tamb\u00e9 durant la temporada 2016-2017, el Club va realitzar el trasp\u00e0s de la totalitat de les compet\u00e8ncies relacionades amb les Penyes a la Confederaci\u00f3.<\/p>\n\n\n\n<p class=\"has-text-align-center\">A data d\u2019avui, amb una hist\u00f2ria centen\u00e0ria a les nostres espatlles, englobem i donem servei a m\u00e9s de 1.265 penyes i 170.000 penyistes a tot el m\u00f3n, establint una xarxa d\u2019espais Bar\u00e7a arreu del territori.<\/p>\n\n\n\n<div style=\"height:100px\" aria-hidden=\"true\" class=\"wp-block-spacer\"><\/div>\n\n\n\n<h2 class=\"has-text-align-center wp-block-heading\">NOT\u00cdCIES<\/h2>\n\n\n\n<div class=\"wp-block-columns are-vertically-aligned-top is-layout-flex wp-container-core-columns-is-layout-9d6595d7 wp-block-columns-is-layout-flex\">\n<div class=\"wp-block-column is-vertically-aligned-top is-layout-flow wp-block-column-is-layout-flow\" style=\"flex-basis:100%\">\n<div class=\"wp-block-group\"><div class=\"wp-block-group__inner-container is-layout-flow wp-block-group-is-layout-flow\"><ul class=\"wp-block-latest-posts__list is-grid columns-3 has-dates wp-block-latest-posts\"><li><div class=\"wp-block-latest-posts__featured-image\"><a href=\"https:\/\/confederaciopenyesvo.cat\/?p=1\" aria-label=\"\u00a1R\u00e8cord del femen\u00ed!\"><img loading=\"lazy\" decoding=\"async\" width=\"300\" height=\"300\" src=\"https:\/\/confederaciopenyesvo.cat\/wp-content\/uploads\/2022\/04\/pexels-el-gringo-photo-10183960-1-scaled-e1650560513561-300x300.jpg\" class=\"attachment-medium size-medium wp-post-image\" alt=\"\" style=\"\" srcset=\"https:\/\/confederaciopenyesvo.cat\/wp-content\/uploads\/2022\/04\/pexels-el-gringo-photo-10183960-1-scaled-e1650560513561-300x300.jpg 300w, https:\/\/confederaciopenyesvo.cat\/wp-content\/uploads\/2022\/04\/pexels-el-gringo-photo-10183960-1-scaled-e1650560513561-1024x1024.jpg 1024w, https:\/\/confederaciopenyesvo.cat\/wp-content\/uploads\/2022\/04\/pexels-el-gringo-photo-10183960-1-scaled-e1650560513561-150x150.jpg 150w, https:\/\/confederaciopenyesvo.cat\/wp-content\/uploads\/2022\/04\/pexels-el-gringo-photo-10183960-1-scaled-e1650560513561-768x768.jpg 768w, https:\/\/confederaciopenyesvo.cat\/wp-content\/uploads\/2022\/04\/pexels-el-gringo-photo-10183960-1-scaled-e1650560513561-1536x1536.jpg 1536w, https:\/\/confederaciopenyesvo.cat\/wp-content\/uploads\/2022\/04\/pexels-el-gringo-photo-10183960-1-scaled-e1650560513561.jpg 1689w\" sizes=\"auto, (max-width: 300px) 100vw, 300px\" \/><\/a><\/div><a class=\"wp-block-latest-posts__post-title\" href=\"https:\/\/confederaciopenyesvo.cat\/?p=1\">\u00a1R\u00e8cord del femen\u00ed!<\/a><time datetime=\"2022-03-16T23:25:37+00:00\" class=\"wp-block-latest-posts__post-date\">16 de marzo de 2022<\/time><div class=\"wp-block-latest-posts__post-excerpt\">Clam penyista en el r\u00e8corddel femen\u00ed al Camp Nou Bienvenido&hellip;&nbsp;<a href=\"https:\/\/confederaciopenyesvo.cat\/?p=1\" class=\"\" rel=\"bookmark\">Leer m\u00e1s &raquo;<span class=\"screen-reader-text\">\u00a1R\u00e8cord del femen\u00ed!<\/span><\/a><\/div><\/li>\n<li><div class=\"wp-block-latest-posts__featured-image\"><a href=\"https:\/\/confederaciopenyesvo.cat\/?p=353\" aria-label=\"What is the Progressive Web App (PWA) and how it works?\"><img loading=\"lazy\" decoding=\"async\" width=\"300\" height=\"300\" src=\"https:\/\/confederaciopenyesvo.cat\/wp-content\/uploads\/2022\/04\/pexels-el-gringo-photo-10184002-scaled-e1650560574618-300x300.jpg\" class=\"attachment-medium size-medium wp-post-image\" alt=\"\" style=\"\" srcset=\"https:\/\/confederaciopenyesvo.cat\/wp-content\/uploads\/2022\/04\/pexels-el-gringo-photo-10184002-scaled-e1650560574618-300x300.jpg 300w, https:\/\/confederaciopenyesvo.cat\/wp-content\/uploads\/2022\/04\/pexels-el-gringo-photo-10184002-scaled-e1650560574618-1024x1024.jpg 1024w, https:\/\/confederaciopenyesvo.cat\/wp-content\/uploads\/2022\/04\/pexels-el-gringo-photo-10184002-scaled-e1650560574618-150x150.jpg 150w, https:\/\/confederaciopenyesvo.cat\/wp-content\/uploads\/2022\/04\/pexels-el-gringo-photo-10184002-scaled-e1650560574618-768x768.jpg 768w, https:\/\/confederaciopenyesvo.cat\/wp-content\/uploads\/2022\/04\/pexels-el-gringo-photo-10184002-scaled-e1650560574618-1536x1536.jpg 1536w, https:\/\/confederaciopenyesvo.cat\/wp-content\/uploads\/2022\/04\/pexels-el-gringo-photo-10184002-scaled-e1650560574618.jpg 1707w\" sizes=\"auto, (max-width: 300px) 100vw, 300px\" \/><\/a><\/div><a class=\"wp-block-latest-posts__post-title\" href=\"https:\/\/confederaciopenyesvo.cat\/?p=353\">What is the Progressive Web App (PWA) and how it works?<\/a><time datetime=\"2021-11-02T15:00:07+00:00\" class=\"wp-block-latest-posts__post-date\">2 de noviembre de 2021<\/time><div class=\"wp-block-latest-posts__post-excerpt\">Introduction Readymade godard brooklyn, kogi shoreditch hashtag hella shaman kitsch&hellip;&nbsp;<a href=\"https:\/\/confederaciopenyesvo.cat\/?p=353\" class=\"\" rel=\"bookmark\">Leer m\u00e1s &raquo;<span class=\"screen-reader-text\">What is the Progressive Web App (PWA) and how it works?<\/span><\/a><\/div><\/li>\n<li><div class=\"wp-block-latest-posts__featured-image\"><a href=\"https:\/\/confederaciopenyesvo.cat\/?p=352\" aria-label=\"Knowing Your User. The importance of User Research.\"><img loading=\"lazy\" decoding=\"async\" width=\"300\" height=\"274\" src=\"https:\/\/confederaciopenyesvo.cat\/wp-content\/uploads\/2022\/04\/andy-holmes-9PTDl_0bodI-unsplash-1-scaled-e1650560623937-300x274.jpg\" class=\"attachment-medium size-medium wp-post-image\" alt=\"\" style=\"\" srcset=\"https:\/\/confederaciopenyesvo.cat\/wp-content\/uploads\/2022\/04\/andy-holmes-9PTDl_0bodI-unsplash-1-scaled-e1650560623937-300x274.jpg 300w, https:\/\/confederaciopenyesvo.cat\/wp-content\/uploads\/2022\/04\/andy-holmes-9PTDl_0bodI-unsplash-1-scaled-e1650560623937.jpg 691w\" sizes=\"auto, (max-width: 300px) 100vw, 300px\" \/><\/a><\/div><a class=\"wp-block-latest-posts__post-title\" href=\"https:\/\/confederaciopenyesvo.cat\/?p=352\">Knowing Your User. The importance of User Research.<\/a><time datetime=\"2021-11-02T14:58:19+00:00\" class=\"wp-block-latest-posts__post-date\">2 de noviembre de 2021<\/time><div class=\"wp-block-latest-posts__post-excerpt\">Introduction Readymade godard brooklyn, kogi shoreditch hashtag hella shaman kitsch&hellip;&nbsp;<a href=\"https:\/\/confederaciopenyesvo.cat\/?p=352\" class=\"\" rel=\"bookmark\">Leer m\u00e1s &raquo;<span class=\"screen-reader-text\">Knowing Your User. The importance of User Research.<\/span><\/a><\/div><\/li>\n<\/ul><\/div><\/div>\n<\/div>\n<\/div>\n","protected":false},"excerpt":{"rendered":"<p>LA NOSTRA MISSI\u00d3 Aglutinar i impulsar el moviment peny\u00edstic del FC Barcelona i oferir una s\u00e8rie d\u2019espais Bar\u00e7a arreu del m\u00f3n per al foment i la dinamitzaci\u00f3 social i esportiva dels pobles i ciutats on les penyes hi tenen pres\u00e8ncia. VALORS Respecte, esfor\u00e7, ambici\u00f3, treball en equip i humilitat s\u00f3n els valors compartits amb el&hellip;&nbsp;<a href=\"https:\/\/confederaciopenyesvo.cat\/\" class=\"\" rel=\"bookmark\">Leer m\u00e1s &raquo;<span class=\"screen-reader-text\">HOME<\/span><\/a><\/p>\n","protected":false},"author":1,"featured_media":0,"parent":0,"menu_order":0,"comment_status":"closed","ping_status":"closed","template":"","meta":{"neve_meta_sidebar":"full-width","neve_meta_container":"contained","neve_meta_enable_content_width":"on","neve_meta_content_width":70,"neve_meta_title_alignment":"","neve_meta_author_avatar":"","neve_post_elements_order":"","neve_meta_disable_header":"off","neve_meta_disable_footer":"off","neve_meta_disable_title":"on","_themeisle_gutenberg_block_has_review":false,"_ti_tpc_template_sync":false,"_ti_tpc_template_id":"cwhkd9lki581rusuhjti","footnotes":""},"class_list":["post-5","page","type-page","status-publish","hentry"],"_links":{"self":[{"href":"https:\/\/confederaciopenyesvo.cat\/index.php?rest_route=\/wp\/v2\/pages\/5","targetHints":{"allow":["GET"]}}],"collection":[{"href":"https:\/\/confederaciopenyesvo.cat\/index.php?rest_route=\/wp\/v2\/pages"}],"about":[{"href":"https:\/\/confederaciopenyesvo.cat\/index.php?rest_route=\/wp\/v2\/types\/page"}],"author":[{"embeddable":true,"href":"https:\/\/confederaciopenyesvo.cat\/index.php?rest_route=\/wp\/v2\/users\/1"}],"replies":[{"embeddable":true,"href":"https:\/\/confederaciopenyesvo.cat\/index.php?rest_route=%2Fwp%2Fv2%2Fcomments&post=5"}],"version-history":[{"count":10,"href":"https:\/\/confederaciopenyesvo.cat\/index.php?rest_route=\/wp\/v2\/pages\/5\/revisions"}],"predecessor-version":[{"id":420,"href":"https:\/\/confederaciopenyesvo.cat\/index.php?rest_route=\/wp\/v2\/pages\/5\/revisions\/420"}],"wp:attachment":[{"href":"https:\/\/confederaciopenyesvo.cat\/index.php?rest_route=%2Fwp%2Fv2%2Fmedia&parent=5"}],"curies":[{"name":"wp","href":"https:\/\/api.w.org\/{rel}","templated":true}]}}